{"id":1281,"date":"2022-02-18T16:35:41","date_gmt":"2022-02-18T13:35:41","guid":{"rendered":"https:\/\/flashart.ee\/courses\/?page_id=1281"},"modified":"2026-04-29T22:38:04","modified_gmt":"2026-04-29T19:38:04","slug":"gallery","status":"publish","type":"page","link":"https:\/\/flashart.ee\/courses\/et\/gallery\/","title":{"rendered":"FLASH ART Gallery"},"content":{"rendered":"\t\t<div data-elementor-type=\"wp-page\" data-elementor-id=\"1281\" class=\"elementor elementor-1281 elementor-990\" data-elementor-settings=\"[]\">\n\t\t\t\t\t\t\t<div class=\"elementor-section-wrap\">\n\t\t\t\t\t\t\t<section class=\"has_eae_slider elementor-section elementor-top-section elementor-element elementor-element-611cd86 elementor-section-boxed elementor-section-height-default elementor-section-height-default\" data-id=\"611cd86\" data-element_type=\"section\" data-settings=\"{&quot;background_background&quot;:&quot;classic&quot;}\">\n\t\t\t\t\t\t<div class=\"elementor-container elementor-column-gap-default\">\n\t\t\t\t\t<div class=\"has_eae_slider elementor-column elementor-col-100 elementor-top-column elementor-element elementor-element-15bfcd1\" data-id=\"15bfcd1\" data-element_type=\"column\">\n\t\t\t<div class=\"elementor-widget-wrap elementor-element-populated\">\n\t\t\t\t\t\t\t\t<section class=\"has_eae_slider elementor-section elementor-inner-section elementor-element elementor-element-2232405 elementor-section-boxed elementor-section-height-default elementor-section-height-default\" data-id=\"2232405\" data-element_type=\"section\">\n\t\t\t\t\t\t<div class=\"elementor-container elementor-column-gap-default\">\n\t\t\t\t\t<div class=\"has_eae_slider elementor-column elementor-col-33 elementor-inner-column elementor-element elementor-element-a10f829\" data-id=\"a10f829\" data-element_type=\"column\">\n\t\t\t<div class=\"elementor-widget-wrap\">\n\t\t\t\t\t\t\t\t\t<\/div>\n\t\t<\/div>\n\t\t\t\t<div class=\"has_eae_slider elementor-column elementor-col-33 elementor-inner-column elementor-element elementor-element-3e074d7\" data-id=\"3e074d7\" data-element_type=\"column\" data-settings=\"{&quot;background_background&quot;:&quot;classic&quot;}\">\n\t\t\t<div class=\"elementor-widget-wrap elementor-element-populated\">\n\t\t\t\t\t\t\t\t<div class=\"elementor-element elementor-element-07003d3 elementor-widget elementor-widget-text-editor\" data-id=\"07003d3\" data-element_type=\"widget\" data-widget_type=\"text-editor.default\">\n\t\t\t\t<div class=\"elementor-widget-container\">\n\t\t\t<style>\/*! elementor - v3.5.6 - 28-02-2022 *\/\n.elementor-widget-text-editor.elementor-drop-cap-view-stacked .elementor-drop-cap{background-color:#818a91;color:#fff}.elementor-widget-text-editor.elementor-drop-cap-view-framed .elementor-drop-cap{color:#818a91;border:3px solid;background-color:transparent}.elementor-widget-text-editor:not(.elementor-drop-cap-view-default) .elementor-drop-cap{margin-top:8px}.elementor-widget-text-editor:not(.elementor-drop-cap-view-default) .elementor-drop-cap-letter{width:1em;height:1em}.elementor-widget-text-editor .elementor-drop-cap{float:left;text-align:center;line-height:1;font-size:50px}.elementor-widget-text-editor .elementor-drop-cap-letter{display:inline-block}<\/style>\t\t\t\t<p>\u00a0<\/p><p>&#8220;<em>kolmas koht<\/em>&#8221; \u2014 ruum, kus eksponeeritakse ja m\u00fc\u00fcakse molberti- ja tr\u00fckigraafikat, kus peetakse loenguid ning kus toimuvad kohtumised kaasaegsete graafikutega. See loob mitte ainult uue esteetilise kogemuse, vaid soodustab ka uusi sotsiaalseid sidemeid, tuues kokku kunstiarmastajaid ja -professionaale.\u00a0<\/p>\t\t\t\t\t\t<\/div>\n\t\t\t\t<\/div>\n\t\t\t\t\t<\/div>\n\t\t<\/div>\n\t\t\t\t<div class=\"has_eae_slider elementor-column elementor-col-33 elementor-inner-column elementor-element elementor-element-25882a3\" data-id=\"25882a3\" data-element_type=\"column\">\n\t\t\t<div class=\"elementor-widget-wrap\">\n\t\t\t\t\t\t\t\t\t<\/div>\n\t\t<\/div>\n\t\t\t\t\t\t\t<\/div>\n\t\t<\/section>\n\t\t\t\t\t<\/div>\n\t\t<\/div>\n\t\t\t\t\t\t\t<\/div>\n\t\t<\/section>\n\t\t\t\t<section class=\"has_eae_slider elementor-section elementor-top-section elementor-element elementor-element-4d69a86 elementor-section-boxed elementor-section-height-default elementor-section-height-default\" data-id=\"4d69a86\" data-element_type=\"section\" data-settings=\"{&quot;background_background&quot;:&quot;classic&quot;}\">\n\t\t\t\t\t\t<div class=\"elementor-container elementor-column-gap-default\">\n\t\t\t\t\t<div class=\"has_eae_slider elementor-column elementor-col-100 elementor-top-column elementor-element elementor-element-e64af0c\" data-id=\"e64af0c\" data-element_type=\"column\">\n\t\t\t<div class=\"elementor-widget-wrap elementor-element-populated\">\n\t\t\t\t\t\t\t\t<div class=\"elementor-element elementor-element-3e33476 elementor-widget elementor-widget-text-editor\" data-id=\"3e33476\" data-element_type=\"widget\" data-widget_type=\"text-editor.default\">\n\t\t\t\t<div class=\"elementor-widget-container\">\n\t\t\t\t\t\t\t<p><strong>Ksenia Remezova,<\/strong> graafikagalerii kuraator, on kunstiajaloolane, kuraator, \u00f5ppej\u00f5ud, avangardi uurija ja k\u00fclalislektor EKA-s.<\/p><p>Galeriis esitatud kunsti saab osta kas kohapeal v\u00f5i veebilehel <a href=\"https:\/\/flashart.store\">flashart.store<\/a><\/p>\t\t\t\t\t\t<\/div>\n\t\t\t\t<\/div>\n\t\t\t\t\t<\/div>\n\t\t<\/div>\n\t\t\t\t\t\t\t<\/div>\n\t\t<\/section>\n\t\t\t\t<section class=\"has_eae_slider elementor-section elementor-top-section elementor-element elementor-element-d281cc3 elementor-section-boxed elementor-section-height-default elementor-section-height-default\" data-id=\"d281cc3\" data-element_type=\"section\" data-settings=\"{&quot;background_background&quot;:&quot;classic&quot;}\">\n\t\t\t\t\t\t<div class=\"elementor-container elementor-column-gap-default\">\n\t\t\t\t\t<div class=\"has_eae_slider elementor-column elementor-col-100 elementor-top-column elementor-element elementor-element-5716c8b\" data-id=\"5716c8b\" data-element_type=\"column\">\n\t\t\t<div class=\"elementor-widget-wrap elementor-element-populated\">\n\t\t\t\t\t\t\t\t<div class=\"elementor-element elementor-element-36b2b2d elementor-widget elementor-widget-text-editor\" data-id=\"36b2b2d\" data-element_type=\"widget\" data-widget_type=\"text-editor.default\">\n\t\t\t\t<div class=\"elementor-widget-container\">\n\t\t\t\t\t\t\t<p data-start=\"0\" data-end=\"60\"><strong data-start=\"0\" data-end=\"60\">Linooll\u00f5ikega kangatr\u00fcki t\u00f6\u00f6tuba Mark Antonius Puhkaniga<\/strong><\/p>\t\t\t\t\t\t<\/div>\n\t\t\t\t<\/div>\n\t\t\t\t<section class=\"has_eae_slider elementor-section elementor-inner-section elementor-element elementor-element-35dda7a elementor-section-boxed elementor-section-height-default elementor-section-height-default\" data-id=\"35dda7a\" data-element_type=\"section\">\n\t\t\t\t\t\t<div class=\"elementor-container elementor-column-gap-default\">\n\t\t\t\t\t<div class=\"has_eae_slider elementor-column elementor-col-50 elementor-inner-column elementor-element elementor-element-8e5b591\" data-id=\"8e5b591\" data-element_type=\"column\">\n\t\t\t<div class=\"elementor-widget-wrap elementor-element-populated\">\n\t\t\t\t\t\t\t\t<div class=\"elementor-element elementor-element-c0e0712 elementor-widget elementor-widget-text-editor\" data-id=\"c0e0712\" data-element_type=\"widget\" data-widget_type=\"text-editor.default\">\n\t\t\t\t<div class=\"elementor-widget-container\">\n\t\t\t\t\t\t\t<div class=\"x14z9mp xat24cr x1lziwak x1vvkbs xtlvy1s\"><p>Kutsume k\u00f5iki, kes soovivad avastada traditsioonilisi tr\u00fckitehnikaid, meie esimesse linooll\u00f5ike t\u00f6\u00f6toasse koos professionaalse kunstniku Mark Antonius Puhkaniga, kelle teosed on eksponeeritud Flash Art Gallery\u2019s. Ta juhendab teid l\u00e4bi interaktiivse, praktilise ja meditatiivse loomeprotsessi.<\/p><p>T\u00f6\u00f6toas tutvute linooll\u00f5ike p\u00f5hialustega \u2014 ideest kuni valminud teoseni. Koos l\u00e4bime kogu loomingulise protsessi: idee arendamine, kujundi \u00fclekandmine linooliumile, ohutute l\u00f5iketehnikate \u00f5ppimine ning l\u00f5puks oma t\u00f6\u00f6 k\u00e4sitsi tr\u00fckkimine traditsiooniliste meetoditega.<\/p><p>Katsetate erinevaid t\u00f6\u00f6riistu, tekstuure ja mustreid, avastate, kuidas tr\u00fckiv\u00e4rv k\u00e4itub erinevatel pindadel, ning \u00f5pite looma v\u00e4ljendusrikkaid graafilisi kompositsioone. Varasem kogemus ei ole vajalik \u2014 t\u00f6\u00f6tuba sobib nii algajatele kui ka neile, kes soovivad oma loomepraktikat s\u00fcvendada.<\/p><p>Laiendatud t\u00f6\u00f6toa formaat:<br \/>Te ei loo mitte ainult oma linooll\u00f5ike, vaid saate selle ka\u00a0<\/p><p>Tekstiilile tr\u00fckkimine on populaarne linooll\u00f5ike edasiarendus, mis v\u00f5imaldab muuta oma t\u00f6\u00f6 kantavaks v\u00f5i praktiliseks esemeks.<\/p><p>T\u00f6\u00f6toa l\u00f5puks on teil:<br \/>\u2022 teie enda l\u00f5igatud linoolplokk (mida saate edaspidi kasutada)<br \/>\u2022 mitmed tr\u00fckised v\u00f5i valmis tekstiilitoode<br \/>\u2022 praktilised teadmised traditsioonilistest tr\u00fckitehnikatest<br \/>\u2022 ainulaadne k\u00e4sit\u00f6\u00f6na valminud teos, mille saate koju kaasa v\u00f5tta<\/p><p>Eris\u00fcndmus:<br \/>T\u00f6\u00f6tuba toimub Kalamaja p\u00e4evade raames.<\/p><p>P\u00e4rast t\u00f6\u00f6tuba ootame teid meie kunstikohvikusse, kus saab nautida kokteile, grilli ja m\u00f5nusat loomingulist atmosf\u00e4\u00e4ri.<\/p><\/div>\t\t\t\t\t\t<\/div>\n\t\t\t\t<\/div>\n\t\t\t\t<div class=\"elementor-element elementor-element-654f159 elementor-position-left elementor-vertical-align-middle elementor-widget__width-auto date_time elementor-view-default elementor-widget elementor-widget-icon-box\" data-id=\"654f159\" data-element_type=\"widget\" data-widget_type=\"icon-box.default\">\n\t\t\t\t<div class=\"elementor-widget-container\">\n\t\t\t<style>\/*! elementor - v3.5.6 - 28-02-2022 *\/\n@media (min-width:768px){.elementor-widget-icon-box.elementor-position-left .elementor-icon-box-wrapper,.elementor-widget-icon-box.elementor-position-right .elementor-icon-box-wrapper{display:-webkit-box;display:-ms-flexbox;display:flex}.elementor-widget-icon-box.elementor-position-left .elementor-icon-box-icon,.elementor-widget-icon-box.elementor-position-right .elementor-icon-box-icon{display:-webkit-inline-box;display:-ms-inline-flexbox;display:inline-flex;-webkit-box-flex:0;-ms-flex:0 0 auto;flex:0 0 auto}.elementor-widget-icon-box.elementor-position-right .elementor-icon-box-wrapper{text-align:right;-webkit-box-orient:horizontal;-webkit-box-direction:reverse;-ms-flex-direction:row-reverse;flex-direction:row-reverse}.elementor-widget-icon-box.elementor-position-left .elementor-icon-box-wrapper{text-align:left;-webkit-box-orient:horizontal;-webkit-box-direction:normal;-ms-flex-direction:row;flex-direction:row}.elementor-widget-icon-box.elementor-position-top .elementor-icon-box-img{margin:auto}.elementor-widget-icon-box.elementor-vertical-align-top .elementor-icon-box-wrapper{-webkit-box-align:start;-ms-flex-align:start;align-items:flex-start}.elementor-widget-icon-box.elementor-vertical-align-middle .elementor-icon-box-wrapper{-webkit-box-align:center;-ms-flex-align:center;align-items:center}.elementor-widget-icon-box.elementor-vertical-align-bottom .elementor-icon-box-wrapper{-webkit-box-align:end;-ms-flex-align:end;align-items:flex-end}}@media (max-width:767px){.elementor-widget-icon-box .elementor-icon-box-icon{margin-left:auto!important;margin-right:auto!important;margin-bottom:15px}}.elementor-widget-icon-box .elementor-icon-box-wrapper{text-align:center}.elementor-widget-icon-box .elementor-icon-box-title a{color:inherit}.elementor-widget-icon-box .elementor-icon-box-content{-webkit-box-flex:1;-ms-flex-positive:1;flex-grow:1}.elementor-widget-icon-box .elementor-icon-box-description{margin:0}<\/style>\t\t<div class=\"elementor-icon-box-wrapper\">\n\t\t\t\t\t\t<div class=\"elementor-icon-box-icon\">\n\t\t\t\t<span class=\"elementor-icon elementor-animation-\" >\n\t\t\t\t<i aria-hidden=\"true\" class=\"far fa-calendar-alt\"><\/i>\t\t\t\t<\/span>\n\t\t\t<\/div>\n\t\t\t\t\t\t<div class=\"elementor-icon-box-content\">\n\t\t\t\t<h3 class=\"elementor-icon-box-title\">\n\t\t\t\t\t<span  >\n\t\t\t\t\t\t16.05.2026 14.00\t\t\t\t\t<\/span>\n\t\t\t\t<\/h3>\n\t\t\t\t\t\t\t<\/div>\n\t\t<\/div>\n\t\t\t\t<\/div>\n\t\t\t\t<\/div>\n\t\t\t\t<div class=\"elementor-element elementor-element-4cbe1f1 elementor-widget__width-auto price elementor-widget elementor-widget-heading\" data-id=\"4cbe1f1\" data-element_type=\"widget\" data-widget_type=\"heading.default\">\n\t\t\t\t<div class=\"elementor-widget-container\">\n\t\t\t<style>\/*! elementor - v3.5.6 - 28-02-2022 *\/\n.elementor-heading-title{padding:0;margin:0;line-height:1}.elementor-widget-heading .elementor-heading-title[class*=elementor-size-]>a{color:inherit;font-size:inherit;line-height:inherit}.elementor-widget-heading .elementor-heading-title.elementor-size-small{font-size:15px}.elementor-widget-heading .elementor-heading-title.elementor-size-medium{font-size:19px}.elementor-widget-heading .elementor-heading-title.elementor-size-large{font-size:29px}.elementor-widget-heading .elementor-heading-title.elementor-size-xl{font-size:39px}.elementor-widget-heading .elementor-heading-title.elementor-size-xxl{font-size:59px}<\/style><span class=\"elementor-heading-title elementor-size-default\">Eesti  ja inglise keeles <br>\nRiidest kott \u2014 45 \u20ac <br>\nT-s\u00e4rk \u2014 50 \u20ac <br>\nOma ese \u2014 40 \u20ac <br><\/span>\t\t<\/div>\n\t\t\t\t<\/div>\n\t\t\t\t<div class=\"elementor-element elementor-element-63f41ef elementor-mobile-align-left elementor-align-center elementor-widget elementor-widget-button\" data-id=\"63f41ef\" data-element_type=\"widget\" data-widget_type=\"button.default\">\n\t\t\t\t<div class=\"elementor-widget-container\">\n\t\t\t\t\t<div class=\"elementor-button-wrapper\">\n\t\t\t<a href=\"https:\/\/flashart.ee\/courses\/et\/tootekategooria\/galerii\/\" class=\"elementor-button-link elementor-button elementor-size-sm\" role=\"button\">\n\t\t\t\t\t\t<span class=\"elementor-button-content-wrapper\">\n\t\t\t\t\t\t<span class=\"elementor-button-text\">KOHA BRONEERIMINE<\/span>\n\t\t<\/span>\n\t\t\t\t\t<\/a>\n\t\t<\/div>\n\t\t\t\t<\/div>\n\t\t\t\t<\/div>\n\t\t\t\t\t<\/div>\n\t\t<\/div>\n\t\t\t\t<div class=\"has_eae_slider elementor-column elementor-col-50 elementor-inner-column elementor-element elementor-element-216a121\" data-id=\"216a121\" data-element_type=\"column\">\n\t\t\t<div class=\"elementor-widget-wrap elementor-element-populated\">\n\t\t\t\t\t\t\t\t<div class=\"elementor-element elementor-element-5419572 elementor-widget elementor-widget-image\" data-id=\"5419572\" data-element_type=\"widget\" data-widget_type=\"image.default\">\n\t\t\t\t<div class=\"elementor-widget-container\">\n\t\t\t<style>\/*! elementor - v3.5.6 - 28-02-2022 *\/\n.elementor-widget-image{text-align:center}.elementor-widget-image a{display:inline-block}.elementor-widget-image a img[src$=\".svg\"]{width:48px}.elementor-widget-image img{vertical-align:middle;display:inline-block}<\/style>\t\t\t\t\t\t\t\t\t\t\t\t<img loading=\"lazy\" decoding=\"async\" width=\"744\" height=\"1024\" src=\"https:\/\/flashart.ee\/courses\/wp-content\/uploads\/2026\/04\/1-744x1024.png\" class=\"attachment-large size-large\" alt=\"\" srcset=\"https:\/\/flashart.ee\/courses\/wp-content\/uploads\/2026\/04\/1-744x1024.png 744w, https:\/\/flashart.ee\/courses\/wp-content\/uploads\/2026\/04\/1-218x300.png 218w, https:\/\/flashart.ee\/courses\/wp-content\/uploads\/2026\/04\/1-768x1057.png 768w, https:\/\/flashart.ee\/courses\/wp-content\/uploads\/2026\/04\/1-600x826.png 600w, https:\/\/flashart.ee\/courses\/wp-content\/uploads\/2026\/04\/1.png 1090w\" sizes=\"auto, (max-width: 744px) 100vw, 744px\" \/>\t\t\t\t\t\t\t\t\t\t\t\t\t\t\t<\/div>\n\t\t\t\t<\/div>\n\t\t\t\t<div class=\"elementor-element elementor-element-5823bf1 eae-pop-btn-align-center elementor-hidden-desktop elementor-hidden-tablet elementor-hidden-mobile eae-pop-btn-type-text elementor-widget elementor-widget-wts-modal-popup\" data-id=\"5823bf1\" data-element_type=\"widget\" data-widget_type=\"wts-modal-popup.default\">\n\t\t\t\t<div class=\"elementor-widget-container\">\n\t\t\t\t\t<div class=\"eae-popup-wrapper eae-popup-909830746\" data-id=\"909830746\"\n\t\t\tdata-preview-modal=\"\" data-close-button-type=\"icon\"\n\t\t\tdata-close-btn=\"fas fa-times\" data-close-in-out=\"true\">\n\t\t\t<a class=\"eae-popup-link icon-position-before\"\n\t\t\tdata-id=\"909830746\" data-ctrl-id=\"5823bf1\" href=\"#909830746\">\n\t\t\t\t\t\t\t\t\t\t\t\t\t\t<span class=\"eae-popup-btn-icon\">\n\t\t\t\t\t\t\t\t\t\t\t<\/span>\n\t\t\t\t\t\t\t\t\t\t\t\t<span class=\"eae-popup-btn-text\">\n\t\t\t\t\t\t\tKoha broneerimine\t\t\t\t\t\t<\/span>\n\t\t\t\t\t\t\t\t\t\t\t\t\t<\/a>\n\t\t<\/div>\n\n\t\t<div id=\"909830746\" class=\"eae-popup-909830746 mfp-hide eae-popup-container\">\n\t\t\t<div class=\"eae-popup-content\">\n\t\t\t\t\t\t\t\t\t<div class=\"eae-modal-content\">\n\t\t\t\t\t\t<p><div class=\"woocommerce\"><\/div><\/p>\t\t\t\t\t<\/div>\n\t\t\t\t\t\t\t\t<\/div>\n\t\t<\/div>\n\t\t\t\t<\/div>\n\t\t\t\t<\/div>\n\t\t\t\t\t<\/div>\n\t\t<\/div>\n\t\t\t\t\t\t\t<\/div>\n\t\t<\/section>\n\t\t\t\t\t<\/div>\n\t\t<\/div>\n\t\t\t\t\t\t\t<\/div>\n\t\t<\/section>\n\t\t\t\t\t\t<\/div>\n\t\t\t\t\t<\/div>\n\t\t","protected":false},"excerpt":{"rendered":"<p>\u00a0 &#8220;kolmas koht&#8221; \u2014 ruum, kus eksponeeritakse ja m\u00fc\u00fcakse molberti- ja tr\u00fckigraafikat, kus peetakse loenguid ning kus toimuvad kohtumised kaasaegsete graafikutega. See loob mitte ainult uue esteetilise kogemuse, vaid soodustab ka uusi sotsiaalseid sidemeid, tuues kokku kunstiarmastajaid ja -professionaale.\u00a0 Ksenia Remezova, graafikagalerii kuraator, on kunstiajaloolane, kuraator, \u00f5ppej\u00f5ud, avangardi uurija ja k\u00fclalislektor EKA-s. Galeriis esitatud kunsti &hellip;<\/p>\n<p class=\"read-more\"> <a class=\"\" href=\"https:\/\/flashart.ee\/courses\/et\/gallery\/\"> <span class=\"screen-reader-text\">FLASH ART Gallery<\/span> Read More &raquo;<\/a><\/p>\n","protected":false},"author":1,"featured_media":0,"parent":0,"menu_order":0,"comment_status":"closed","ping_status":"closed","template":"elementor_header_footer","meta":{"site-sidebar-layout":"no-sidebar","site-content-layout":"page-builder","ast-main-header-display":"disabled","ast-hfb-above-header-display":"","ast-hfb-below-header-display":"","ast-hfb-mobile-header-display":"","site-post-title":"disabled","ast-breadcrumbs-content":"","ast-featured-img":"disabled","footer-sml-layout":"","theme-transparent-header-meta":"default","adv-header-id-meta":"","stick-header-meta":"","header-above-stick-meta":"","header-main-stick-meta":"","header-below-stick-meta":"","footnotes":""},"class_list":["post-1281","page","type-page","status-publish","hentry"],"acf":[],"yoast_head":"<!-- This site is optimized with the Yoast SEO plugin v24.8 - https:\/\/yoast.com\/wordpress\/plugins\/seo\/ -->\n<title>FLASH ART Gallery - FLASH ART Gallery<\/title>\n<meta name=\"robots\" content=\"index, follow, max-snippet:-1, max-image-preview:large, max-video-preview:-1\" \/>\n<link rel=\"canonical\" href=\"https:\/\/flashart.ee\/courses\/art-lectorium\/\" \/>\n<meta property=\"og:locale\" content=\"et_EE\" \/>\n<meta property=\"og:type\" content=\"article\" \/>\n<meta property=\"og:title\" content=\"FLASH ART Gallery\" \/>\n<meta property=\"og:description\" content=\"\u00a0 &#8220;kolmas koht&#8221; \u2014 ruum, kus eksponeeritakse ja m\u00fc\u00fcakse molberti- ja tr\u00fckigraafikat, kus peetakse loenguid ning kus toimuvad kohtumised kaasaegsete graafikutega. See loob mitte ainult uue esteetilise kogemuse, vaid soodustab ka uusi sotsiaalseid sidemeid, tuues kokku kunstiarmastajaid ja -professionaale.\u00a0 Ksenia Remezova, graafikagalerii kuraator, on kunstiajaloolane, kuraator, \u00f5ppej\u00f5ud, avangardi uurija ja k\u00fclalislektor EKA-s. Galeriis esitatud kunsti &hellip; FLASH ART Gallery Read More &raquo;\" \/>\n<meta property=\"og:url\" content=\"https:\/\/flashart.ee\/courses\/art-lectorium\/\" \/>\n<meta property=\"og:site_name\" content=\"FLASH ART Gallery\" \/>\n<meta property=\"article:modified_time\" content=\"2026-04-29T19:38:04+00:00\" \/>\n<meta property=\"og:image\" content=\"https:\/\/flashart.ee\/courses\/wp-content\/uploads\/2024\/10\/facebook-zastavki-10.png\" \/>\n\t<meta property=\"og:image:width\" content=\"1845\" \/>\n\t<meta property=\"og:image:height\" content=\"702\" \/>\n\t<meta property=\"og:image:type\" content=\"image\/png\" \/>\n<meta name=\"twitter:card\" content=\"summary_large_image\" \/>\n<meta name=\"twitter:image\" content=\"https:\/\/flashart.ee\/courses\/wp-content\/uploads\/2024\/10\/facebook-zastavki-10.png\" \/>\n<meta name=\"twitter:label1\" content=\"Est. reading time\" \/>\n\t<meta name=\"twitter:data1\" content=\"2 minutit\" \/>\n<script type=\"application\/ld+json\" class=\"yoast-schema-graph\">{\"@context\":\"https:\/\/schema.org\",\"@graph\":[{\"@type\":\"WebPage\",\"@id\":\"https:\/\/flashart.ee\/courses\/art-lectorium\/\",\"url\":\"https:\/\/flashart.ee\/courses\/art-lectorium\/\",\"name\":\"FLASH ART Gallery - FLASH ART Gallery\",\"isPartOf\":{\"@id\":\"https:\/\/flashart.ee\/courses\/et\/#website\"},\"primaryImageOfPage\":{\"@id\":\"https:\/\/flashart.ee\/courses\/art-lectorium\/#primaryimage\"},\"image\":{\"@id\":\"https:\/\/flashart.ee\/courses\/art-lectorium\/#primaryimage\"},\"thumbnailUrl\":\"https:\/\/flashart.ee\/courses\/wp-content\/uploads\/2026\/04\/1-744x1024.png\",\"datePublished\":\"2022-02-18T13:35:41+00:00\",\"dateModified\":\"2026-04-29T19:38:04+00:00\",\"breadcrumb\":{\"@id\":\"https:\/\/flashart.ee\/courses\/art-lectorium\/#breadcrumb\"},\"inLanguage\":\"et\",\"potentialAction\":[{\"@type\":\"ReadAction\",\"target\":[\"https:\/\/flashart.ee\/courses\/art-lectorium\/\"]}]},{\"@type\":\"ImageObject\",\"inLanguage\":\"et\",\"@id\":\"https:\/\/flashart.ee\/courses\/art-lectorium\/#primaryimage\",\"url\":\"https:\/\/flashart.ee\/courses\/wp-content\/uploads\/2026\/04\/1-744x1024.png\",\"contentUrl\":\"https:\/\/flashart.ee\/courses\/wp-content\/uploads\/2026\/04\/1-744x1024.png\"},{\"@type\":\"BreadcrumbList\",\"@id\":\"https:\/\/flashart.ee\/courses\/art-lectorium\/#breadcrumb\",\"itemListElement\":[{\"@type\":\"ListItem\",\"position\":1,\"name\":\"\u0413\u043b\u0430\u0432\u043d\u0430\u044f \u0441\u0442\u0440\u0430\u043d\u0438\u0446\u0430\",\"item\":\"https:\/\/flashart.ee\/courses\/\"},{\"@type\":\"ListItem\",\"position\":2,\"name\":\"FLASH ART Gallery\"}]},{\"@type\":\"WebSite\",\"@id\":\"https:\/\/flashart.ee\/courses\/et\/#website\",\"url\":\"https:\/\/flashart.ee\/courses\/et\/\",\"name\":\"FLASH ART Gallery\",\"description\":\"\",\"potentialAction\":[{\"@type\":\"SearchAction\",\"target\":{\"@type\":\"EntryPoint\",\"urlTemplate\":\"https:\/\/flashart.ee\/courses\/et\/?s={search_term_string}\"},\"query-input\":{\"@type\":\"PropertyValueSpecification\",\"valueRequired\":true,\"valueName\":\"search_term_string\"}}],\"inLanguage\":\"et\"}]}<\/script>\n<!-- \/ Yoast SEO plugin. -->","yoast_head_json":{"title":"FLASH ART Gallery - FLASH ART Gallery","robots":{"index":"index","follow":"follow","max-snippet":"max-snippet:-1","max-image-preview":"max-image-preview:large","max-video-preview":"max-video-preview:-1"},"canonical":"https:\/\/flashart.ee\/courses\/art-lectorium\/","og_locale":"et_EE","og_type":"article","og_title":"FLASH ART Gallery","og_description":"\u00a0 &#8220;kolmas koht&#8221; \u2014 ruum, kus eksponeeritakse ja m\u00fc\u00fcakse molberti- ja tr\u00fckigraafikat, kus peetakse loenguid ning kus toimuvad kohtumised kaasaegsete graafikutega. See loob mitte ainult uue esteetilise kogemuse, vaid soodustab ka uusi sotsiaalseid sidemeid, tuues kokku kunstiarmastajaid ja -professionaale.\u00a0 Ksenia Remezova, graafikagalerii kuraator, on kunstiajaloolane, kuraator, \u00f5ppej\u00f5ud, avangardi uurija ja k\u00fclalislektor EKA-s. Galeriis esitatud kunsti &hellip; FLASH ART Gallery Read More &raquo;","og_url":"https:\/\/flashart.ee\/courses\/art-lectorium\/","og_site_name":"FLASH ART Gallery","article_modified_time":"2026-04-29T19:38:04+00:00","og_image":[{"width":1845,"height":702,"url":"https:\/\/flashart.ee\/courses\/wp-content\/uploads\/2024\/10\/facebook-zastavki-10.png","type":"image\/png"}],"twitter_card":"summary_large_image","twitter_image":"https:\/\/flashart.ee\/courses\/wp-content\/uploads\/2024\/10\/facebook-zastavki-10.png","twitter_misc":{"Est. reading time":"2 minutit"},"schema":{"@context":"https:\/\/schema.org","@graph":[{"@type":"WebPage","@id":"https:\/\/flashart.ee\/courses\/art-lectorium\/","url":"https:\/\/flashart.ee\/courses\/art-lectorium\/","name":"FLASH ART Gallery - FLASH ART Gallery","isPartOf":{"@id":"https:\/\/flashart.ee\/courses\/et\/#website"},"primaryImageOfPage":{"@id":"https:\/\/flashart.ee\/courses\/art-lectorium\/#primaryimage"},"image":{"@id":"https:\/\/flashart.ee\/courses\/art-lectorium\/#primaryimage"},"thumbnailUrl":"https:\/\/flashart.ee\/courses\/wp-content\/uploads\/2026\/04\/1-744x1024.png","datePublished":"2022-02-18T13:35:41+00:00","dateModified":"2026-04-29T19:38:04+00:00","breadcrumb":{"@id":"https:\/\/flashart.ee\/courses\/art-lectorium\/#breadcrumb"},"inLanguage":"et","potentialAction":[{"@type":"ReadAction","target":["https:\/\/flashart.ee\/courses\/art-lectorium\/"]}]},{"@type":"ImageObject","inLanguage":"et","@id":"https:\/\/flashart.ee\/courses\/art-lectorium\/#primaryimage","url":"https:\/\/flashart.ee\/courses\/wp-content\/uploads\/2026\/04\/1-744x1024.png","contentUrl":"https:\/\/flashart.ee\/courses\/wp-content\/uploads\/2026\/04\/1-744x1024.png"},{"@type":"BreadcrumbList","@id":"https:\/\/flashart.ee\/courses\/art-lectorium\/#breadcrumb","itemListElement":[{"@type":"ListItem","position":1,"name":"\u0413\u043b\u0430\u0432\u043d\u0430\u044f \u0441\u0442\u0440\u0430\u043d\u0438\u0446\u0430","item":"https:\/\/flashart.ee\/courses\/"},{"@type":"ListItem","position":2,"name":"FLASH ART Gallery"}]},{"@type":"WebSite","@id":"https:\/\/flashart.ee\/courses\/et\/#website","url":"https:\/\/flashart.ee\/courses\/et\/","name":"FLASH ART Gallery","description":"","potentialAction":[{"@type":"SearchAction","target":{"@type":"EntryPoint","urlTemplate":"https:\/\/flashart.ee\/courses\/et\/?s={search_term_string}"},"query-input":{"@type":"PropertyValueSpecification","valueRequired":true,"valueName":"search_term_string"}}],"inLanguage":"et"}]}},"_links":{"self":[{"href":"https:\/\/flashart.ee\/courses\/et\/wp-json\/wp\/v2\/pages\/1281","targetHints":{"allow":["GET"]}}],"collection":[{"href":"https:\/\/flashart.ee\/courses\/et\/wp-json\/wp\/v2\/pages"}],"about":[{"href":"https:\/\/flashart.ee\/courses\/et\/wp-json\/wp\/v2\/types\/page"}],"author":[{"embeddable":true,"href":"https:\/\/flashart.ee\/courses\/et\/wp-json\/wp\/v2\/users\/1"}],"replies":[{"embeddable":true,"href":"https:\/\/flashart.ee\/courses\/et\/wp-json\/wp\/v2\/comments?post=1281"}],"version-history":[{"count":480,"href":"https:\/\/flashart.ee\/courses\/et\/wp-json\/wp\/v2\/pages\/1281\/revisions"}],"predecessor-version":[{"id":5849,"href":"https:\/\/flashart.ee\/courses\/et\/wp-json\/wp\/v2\/pages\/1281\/revisions\/5849"}],"wp:attachment":[{"href":"https:\/\/flashart.ee\/courses\/et\/wp-json\/wp\/v2\/media?parent=1281"}],"curies":[{"name":"wp","href":"https:\/\/api.w.org\/{rel}","templated":true}]}}