{"id":2380,"date":"2024-10-23T14:37:16","date_gmt":"2024-10-23T11:37:16","guid":{"rendered":"https:\/\/flashart.ee\/courses\/?post_type=product&#038;p=2380"},"modified":"2026-04-16T23:04:36","modified_gmt":"2026-04-16T20:04:36","slug":"artist-talks-kaija-kessa","status":"publish","type":"product","link":"https:\/\/flashart.ee\/courses\/et\/toode\/artist-talks-kaija-kessa\/","title":{"rendered":"Linooll\u00f5ikega kangatr\u00fcki t\u00f6\u00f6tuba Mark Antonius Puhkaniga (T-s\u00e4rk)"},"content":{"rendered":"","protected":false},"excerpt":{"rendered":"<p>16.05.2026 14.00<\/p>\n","protected":false},"featured_media":0,"template":"","meta":{"site-sidebar-layout":"default","site-content-layout":"default","ast-main-header-display":"","ast-hfb-above-header-display":"","ast-hfb-below-header-display":"","ast-hfb-mobile-header-display":"","site-post-title":"","ast-breadcrumbs-content":"","ast-featured-img":"","footer-sml-layout":"","theme-transparent-header-meta":"default","adv-header-id-meta":"","stick-header-meta":"","header-above-stick-meta":"","header-main-stick-meta":"","header-below-stick-meta":""},"product_cat":[50],"product_tag":[],"class_list":["post-2380","product","type-product","status-publish","hentry","product_cat-galerii"],"acf":[],"yoast_head":"<!-- This site is optimized with the Yoast SEO plugin v24.8 - https:\/\/yoast.com\/wordpress\/plugins\/seo\/ -->\n<title>Linooll\u00f5ikega kangatr\u00fcki t\u00f6\u00f6tuba Mark Antonius Puhkaniga (T-s\u00e4rk) - FLASH ART Gallery<\/title>\n<meta name=\"robots\" content=\"index, follow, max-snippet:-1, max-image-preview:large, max-video-preview:-1\" \/>\n<link rel=\"canonical\" href=\"https:\/\/flashart.ee\/courses\/et\/toode\/artist-talks-kaija-kessa\/\" \/>\n<meta property=\"og:locale\" content=\"et_EE\" \/>\n<meta property=\"og:type\" content=\"article\" \/>\n<meta property=\"og:title\" content=\"Linooll\u00f5ikega kangatr\u00fcki t\u00f6\u00f6tuba Mark Antonius Puhkaniga (T-s\u00e4rk) - FLASH ART Gallery\" \/>\n<meta property=\"og:description\" content=\"16.05.2026 14.00\" \/>\n<meta property=\"og:url\" content=\"https:\/\/flashart.ee\/courses\/et\/toode\/artist-talks-kaija-kessa\/\" \/>\n<meta property=\"og:site_name\" content=\"FLASH ART Gallery\" \/>\n<meta property=\"article:modified_time\" content=\"2026-04-16T20:04:36+00:00\" \/>\n<meta name=\"twitter:card\" content=\"summary_large_image\" \/>\n<script type=\"application\/ld+json\" class=\"yoast-schema-graph\">{\"@context\":\"https:\/\/schema.org\",\"@graph\":[{\"@type\":\"WebPage\",\"@id\":\"https:\/\/flashart.ee\/courses\/et\/toode\/artist-talks-kaija-kessa\/\",\"url\":\"https:\/\/flashart.ee\/courses\/et\/toode\/artist-talks-kaija-kessa\/\",\"name\":\"Linooll\u00f5ikega kangatr\u00fcki t\u00f6\u00f6tuba Mark Antonius Puhkaniga (T-s\u00e4rk) - FLASH ART Gallery\",\"isPartOf\":{\"@id\":\"https:\/\/flashart.ee\/courses\/et\/#website\"},\"datePublished\":\"2024-10-23T11:37:16+00:00\",\"dateModified\":\"2026-04-16T20:04:36+00:00\",\"breadcrumb\":{\"@id\":\"https:\/\/flashart.ee\/courses\/et\/toode\/artist-talks-kaija-kessa\/#breadcrumb\"},\"inLanguage\":\"et\",\"potentialAction\":[{\"@type\":\"ReadAction\",\"target\":[\"https:\/\/flashart.ee\/courses\/et\/toode\/artist-talks-kaija-kessa\/\"]}]},{\"@type\":\"BreadcrumbList\",\"@id\":\"https:\/\/flashart.ee\/courses\/et\/toode\/artist-talks-kaija-kessa\/#breadcrumb\",\"itemListElement\":[{\"@type\":\"ListItem\",\"position\":1,\"name\":\"\u0413\u043b\u0430\u0432\u043d\u0430\u044f \u0441\u0442\u0440\u0430\u043d\u0438\u0446\u0430\",\"item\":\"https:\/\/flashart.ee\/courses\/\"},{\"@type\":\"ListItem\",\"position\":2,\"name\":\"Pood\",\"item\":\"https:\/\/flashart.ee\/courses\/et\/pood\/\"},{\"@type\":\"ListItem\",\"position\":3,\"name\":\"Linooll\u00f5ikega kangatr\u00fcki t\u00f6\u00f6tuba Mark Antonius Puhkaniga (T-s\u00e4rk)\"}]},{\"@type\":\"WebSite\",\"@id\":\"https:\/\/flashart.ee\/courses\/et\/#website\",\"url\":\"https:\/\/flashart.ee\/courses\/et\/\",\"name\":\"FLASH ART Gallery\",\"description\":\"\",\"potentialAction\":[{\"@type\":\"SearchAction\",\"target\":{\"@type\":\"EntryPoint\",\"urlTemplate\":\"https:\/\/flashart.ee\/courses\/et\/?s={search_term_string}\"},\"query-input\":{\"@type\":\"PropertyValueSpecification\",\"valueRequired\":true,\"valueName\":\"search_term_string\"}}],\"inLanguage\":\"et\"}]}<\/script>\n<!-- \/ Yoast SEO plugin. -->","yoast_head_json":{"title":"Linooll\u00f5ikega kangatr\u00fcki t\u00f6\u00f6tuba Mark Antonius Puhkaniga (T-s\u00e4rk) - FLASH ART Gallery","robots":{"index":"index","follow":"follow","max-snippet":"max-snippet:-1","max-image-preview":"max-image-preview:large","max-video-preview":"max-video-preview:-1"},"canonical":"https:\/\/flashart.ee\/courses\/et\/toode\/artist-talks-kaija-kessa\/","og_locale":"et_EE","og_type":"article","og_title":"Linooll\u00f5ikega kangatr\u00fcki t\u00f6\u00f6tuba Mark Antonius Puhkaniga (T-s\u00e4rk) - FLASH ART Gallery","og_description":"16.05.2026 14.00","og_url":"https:\/\/flashart.ee\/courses\/et\/toode\/artist-talks-kaija-kessa\/","og_site_name":"FLASH ART Gallery","article_modified_time":"2026-04-16T20:04:36+00:00","twitter_card":"summary_large_image","schema":{"@context":"https:\/\/schema.org","@graph":[{"@type":"WebPage","@id":"https:\/\/flashart.ee\/courses\/et\/toode\/artist-talks-kaija-kessa\/","url":"https:\/\/flashart.ee\/courses\/et\/toode\/artist-talks-kaija-kessa\/","name":"Linooll\u00f5ikega kangatr\u00fcki t\u00f6\u00f6tuba Mark Antonius Puhkaniga (T-s\u00e4rk) - FLASH ART Gallery","isPartOf":{"@id":"https:\/\/flashart.ee\/courses\/et\/#website"},"datePublished":"2024-10-23T11:37:16+00:00","dateModified":"2026-04-16T20:04:36+00:00","breadcrumb":{"@id":"https:\/\/flashart.ee\/courses\/et\/toode\/artist-talks-kaija-kessa\/#breadcrumb"},"inLanguage":"et","potentialAction":[{"@type":"ReadAction","target":["https:\/\/flashart.ee\/courses\/et\/toode\/artist-talks-kaija-kessa\/"]}]},{"@type":"BreadcrumbList","@id":"https:\/\/flashart.ee\/courses\/et\/toode\/artist-talks-kaija-kessa\/#breadcrumb","itemListElement":[{"@type":"ListItem","position":1,"name":"\u0413\u043b\u0430\u0432\u043d\u0430\u044f \u0441\u0442\u0440\u0430\u043d\u0438\u0446\u0430","item":"https:\/\/flashart.ee\/courses\/"},{"@type":"ListItem","position":2,"name":"Pood","item":"https:\/\/flashart.ee\/courses\/et\/pood\/"},{"@type":"ListItem","position":3,"name":"Linooll\u00f5ikega kangatr\u00fcki t\u00f6\u00f6tuba Mark Antonius Puhkaniga (T-s\u00e4rk)"}]},{"@type":"WebSite","@id":"https:\/\/flashart.ee\/courses\/et\/#website","url":"https:\/\/flashart.ee\/courses\/et\/","name":"FLASH ART Gallery","description":"","potentialAction":[{"@type":"SearchAction","target":{"@type":"EntryPoint","urlTemplate":"https:\/\/flashart.ee\/courses\/et\/?s={search_term_string}"},"query-input":{"@type":"PropertyValueSpecification","valueRequired":true,"valueName":"search_term_string"}}],"inLanguage":"et"}]}},"_links":{"self":[{"href":"https:\/\/flashart.ee\/courses\/et\/wp-json\/wp\/v2\/product\/2380","targetHints":{"allow":["GET"]}}],"collection":[{"href":"https:\/\/flashart.ee\/courses\/et\/wp-json\/wp\/v2\/product"}],"about":[{"href":"https:\/\/flashart.ee\/courses\/et\/wp-json\/wp\/v2\/types\/product"}],"wp:attachment":[{"href":"https:\/\/flashart.ee\/courses\/et\/wp-json\/wp\/v2\/media?parent=2380"}],"wp:term":[{"taxonomy":"product_cat","embeddable":true,"href":"https:\/\/flashart.ee\/courses\/et\/wp-json\/wp\/v2\/product_cat?post=2380"},{"taxonomy":"product_tag","embeddable":true,"href":"https:\/\/flashart.ee\/courses\/et\/wp-json\/wp\/v2\/product_tag?post=2380"}],"curies":[{"name":"wp","href":"https:\/\/api.w.org\/{rel}","templated":true}]}}